{"id":15,"date":"2025-04-14T11:35:06","date_gmt":"2025-04-14T11:35:06","guid":{"rendered":"https:\/\/aedbf.360software.ro\/?page_id=15"},"modified":"2025-04-30T14:35:07","modified_gmt":"2025-04-30T14:35:07","slug":"acasa","status":"publish","type":"page","link":"https:\/\/aedbf.360software.ro\/en\/","title":{"rendered":"Home"},"content":{"rendered":"<section class=\"bde-section-15-100 bde-section\">\n              \n  \n  \n\t\n\n  <div class=\"section-background-overlay\"><\/div>\n\n\n<div class=\"section-container\"><div class=\"bde-columns-15-101 bde-columns\"><div class=\"bde-column-15-104 bde-column\">\n  \n  \n\t\n\n\n\n<h1 class=\"bde-heading-15-106 bde-heading\">\nAEDBF Romania<br>\n<\/h1><div class=\"bde-text-15-107 bde-text\">\nEuropean Association of Banking and Financial Law \u2013 Romania\n<\/div>\n<\/div><\/div><\/div>\n<\/section><section class=\"bde-section-15-111 bde-section\">\n  \n  \n\t\n\n\n\n<div class=\"section-container\"><div class=\"bde-div-15-115 bde-div\">\n  \n  \n\t\n\n\n\n<h1 class=\"bde-heading-15-112 bde-heading\">\nAbout the Association<br>\n<\/h1><div class=\"bde-rich-text-15-113 bde-rich-text breakdance-rich-text-styles\">\n<p class=\"mb-4 text-gray-700 leading-relaxed\">The European Association of Banking and Financial Law \u2013 Romania (AEDBF Romania) is the Romanian branch of the European AEDBF network, founded in Paris in 1988.<\/p>\n<p class=\"mb-4 text-gray-700 leading-relaxed\">AEDBF Romania was established in 2009 at the initiative of the late legal practitioner and law professor Ianfred Silberstein. Over the years, the association has organized numerous high-level scientific events in the legal field, publishes the Journal of Banking and Financial Law, and plays an active role in bringing together academic and professional expertise in this specialized area.<\/p>\n<p class=\"mb-4 text-gray-700 leading-relaxed\">In a world where banking law is written (almost) faster than it can be read, AEDBF Romania remains a space for reflection, connection, and excellence \u2013 with precision, but also with heart.<\/p>\n<\/div>\n<\/div><\/div>\n<\/section><section class=\"bde-section-15-116 bde-section\">\n  \n  \n\t\n\n\n\n<div class=\"section-container\"><div class=\"bde-columns-15-117 bde-columns\"><div class=\"bde-column-15-118 bde-column\">\n  \n  \n\t\n\n\n\n<div class=\"bde-div-15-123 bde-div\">\n  \n  \n\t\n\n\n\n<h1 class=\"bde-heading-15-124 bde-heading\">\nContact\n<\/h1><div class=\"bde-icon-list-15-127 bde-icon-list\">\n<ul>\n  \n              \n    <li>\n              <div class='bde-icon-list__item-wrapper'>\n      \n      <span class='bde-icon-list__icon'>\n        <svg xmlns=\"http:\/\/www.w3.org\/2000\/svg\" id=\"icon-location\" viewbox=\"0 0 32 32\">\n<path d=\"M16 0c-5.523 0-10 4.477-10 10 0 10 10 22 10 22s10-12 10-22c0-5.523-4.477-10-10-10zM16 16c-3.314 0-6-2.686-6-6s2.686-6 6-6 6 2.686 6 6-2.686 6-6 6z\"\/>\n<\/svg>\n      <\/span>\n      <span class='bde-icon-list__text' >\n      Bucharest, 6 Cpt. Mircea Vasilescu Street, attic, Sector 4\n      <\/span>\n              <\/div>\n      \n    <\/li>\n\n  \n              \n    <li>\n                      \n            \n            \n\n    \n    \n    \n    \n    \n    <a class=\"breakdance-link bde-icon-list__item-wrapper\" href=\"mailto:aedbf.ro@yahoo.com\" target=\"_self\" data-type=\"url\"  >\n\n      \n      <span class='bde-icon-list__icon'>\n        <svg xmlns=\"http:\/\/www.w3.org\/2000\/svg\" id=\"icon-mail2\" viewbox=\"0 0 32 32\">\n<path d=\"M26.667 0h-21.333c-2.934 0-5.334 2.4-5.334 5.334v21.332c0 2.936 2.4 5.334 5.334 5.334h21.333c2.934 0 5.333-2.398 5.333-5.334v-21.332c0-2.934-2.399-5.334-5.333-5.334zM26.667 4c0.25 0 0.486 0.073 0.688 0.198l-11.355 9.388-11.355-9.387c0.202-0.125 0.439-0.198 0.689-0.198h21.333zM5.334 28c-0.060 0-0.119-0.005-0.178-0.013l7.051-9.78-0.914-0.914-7.293 7.293v-19.098l12 14.512 12-14.512v19.098l-7.293-7.293-0.914 0.914 7.051 9.78c-0.058 0.008-0.117 0.013-0.177 0.013h-21.333z\"\/>\n<\/svg>\n      <\/span>\n      <span class='bde-icon-list__text' >\n      aedbf.ro@yahoo.com<br>\n      <\/span>\n                  <\/a>\n\n      \n    <\/li>\n\n  \n              \n    <li>\n              <div class='bde-icon-list__item-wrapper translation-block'><span class=\"bde-icon-list__icon\">\r\n        <svg xmlns=\"http:\/\/www.w3.org\/2000\/svg\" viewbox=\"0 0 576 512\"><!--! Font Awesome Free 6.5.1 by @fontawesome - https:\/\/fontawesome.com License - https:\/\/fontawesome.com\/license\/free (Icons: CC BY 4.0, Fonts: SIL OFL 1.1, Code: MIT License) Copyright 2023 Fonticons, Inc. --><path d=\"M64 32C28.7 32 0 60.7 0 96v32H576V96c0-35.3-28.7-64-64-64H64zM576 224H0V416c0 35.3 28.7 64 64 64H512c35.3 0 64-28.7 64-64V224zM112 352h64c8.8 0 16 7.2 16 16s-7.2 16-16 16H112c-8.8 0-16-7.2-16-16s7.2-16 16-16zm112 16c0-8.8 7.2-16 16-16H368c8.8 0 16 7.2 16 16s-7.2 16-16 16H240c-8.8 0-16-7.2-16-16z\"><\/path><\/svg>\r\n      <\/span>\r\n      <span class=\"bde-icon-list__text\">\r\n      TITULAR CONT: AEDBF-ROMANIA<br>BAN: RO68BACX0000002798811000<br>Cod BIC\/SWIFT: BACXROBU\r\n      <\/span><\/div>\n      \n    <\/li>\n\n  <\/ul>\n\n<\/div>\n<\/div>\n<\/div><div class=\"bde-column-15-119 bde-column\">\n  \n  \n\t\n\n\n\n<div class=\"bde-div-15-120 bde-div\">\n  \n  \n\t\n\n\n\n<h1 class=\"bde-heading-15-126 bde-heading\">\nTestimonial\n<\/h1><div class=\"bde-rich-text-15-122 bde-rich-text breakdance-rich-text-styles\">\n<p class=\"mb-3 leading-relaxed\"><em>The activity of AEDBF Romania is a genuine expression of professionalism, commitment, and continuity in the field of banking and financial law in Eastern Europe.<\/em><\/p>\n<p class=\"mb-3 leading-relaxed\"><em>Since its establishment, the Romanian branch has distinguished itself through scientific rigor, academic initiative, and a constant openness to European dialogue. Its members are an integral part of relevant legal debates at both regional and EU level, actively contributing to the creation of a stable and forward-looking common legal space.<\/em><\/p>\n<p class=\"mb-3 leading-relaxed\"><em>As former President of AEDBF Europe, I extend my sincere appreciation to the Romanian team and wholeheartedly support the present and future initiatives of this organization, which honors, through excellence and dedication, the values of the European legal community<\/em><\/p>\n<\/div><h1 class=\"bde-heading-15-128 bde-heading\">\nRoberto Feretti, Former President, AEDBF Europe:\n<\/h1>\n<\/div>\n<\/div><\/div><\/div>\n<\/section>","protected":false},"excerpt":{"rendered":"<p>AEDBF Rom\u00e2nia Asocia\u021bia European\u0103 de Drept Bancar \u0219i Financiar Despre Asocia\u021bie Asocia\u021bia European\u0103 de Drept Bancar \u0219i Financiar \u2013 Rom\u00e2nia (AEDBF Rom\u00e2nia) este sucursala din Rom\u00e2nia a re\u021belei europene AEDBF, \u00eenfiin\u021bat\u0103 la Paris \u00een anul 1988. AEDBF Rom\u00e2nia a fost fondat\u0103 \u00een anul 2009, la ini\u021biativa regretatului practician \u0219i profesor de drept Ianfred Silberstein. De-a [&hellip;]<\/p>","protected":false},"author":1,"featured_media":0,"parent":0,"menu_order":0,"comment_status":"closed","ping_status":"closed","template":"","meta":{"_breakdance_hide_in_design_set":false,"_breakdance_tags":"","footnotes":""},"class_list":["post-15","page","type-page","status-publish","hentry"],"_links":{"self":[{"href":"https:\/\/aedbf.360software.ro\/en\/wp-json\/wp\/v2\/pages\/15","targetHints":{"allow":["GET"]}}],"collection":[{"href":"https:\/\/aedbf.360software.ro\/en\/wp-json\/wp\/v2\/pages"}],"about":[{"href":"https:\/\/aedbf.360software.ro\/en\/wp-json\/wp\/v2\/types\/page"}],"author":[{"embeddable":true,"href":"https:\/\/aedbf.360software.ro\/en\/wp-json\/wp\/v2\/users\/1"}],"replies":[{"embeddable":true,"href":"https:\/\/aedbf.360software.ro\/en\/wp-json\/wp\/v2\/comments?post=15"}],"version-history":[{"count":0,"href":"https:\/\/aedbf.360software.ro\/en\/wp-json\/wp\/v2\/pages\/15\/revisions"}],"wp:attachment":[{"href":"https:\/\/aedbf.360software.ro\/en\/wp-json\/wp\/v2\/media?parent=15"}],"curies":[{"name":"wp","href":"https:\/\/api.w.org\/{rel}","templated":true}]}}